{"id":12,"date":"2020-07-24T13:33:18","date_gmt":"2020-07-24T13:33:18","guid":{"rendered":"https:\/\/www.epulet-automatika.hu\/?page_id=12"},"modified":"2023-02-23T07:27:00","modified_gmt":"2023-02-23T07:27:00","slug":"referenciak","status":"publish","type":"page","link":"https:\/\/www.epulet-automatika.hu\/?page_id=12","title":{"rendered":"Referenci\u00e1k"},"content":{"rendered":"\n<p class=\"has-medium-font-size\"><strong>Tervez\u00e9si \u00e9s kivitelez\u00e9si referenci\u00e1k<\/strong><\/p>\n\n\n\n<p>Csaba Center bev\u00e1s\u00e1rl\u00f3k\u00f6zpont \u00e9p\u00fcletfel\u00fcgyelet<br>BRSE R\u00f6plabdacsarnok \u00e9p\u00fcletg\u00e9p\u00e9szeti automatika rendszer<br>B\u00e9k\u00e9scsaba V\u00e1rosi K\u00f6nyvt\u00e1r f\u0171t\u00e9s automatika<br>B\u00e9k\u00e9scsaba V\u00e1rosi Sportcsarnok f\u0171t\u00e9s \u00e9s l\u00e9gtechnika automatika<br>B\u00e9k\u00e9scsaba Munk\u00e1csy Eml\u00e9kh\u00e1z f\u0171t\u00e9s \u00e9s l\u00e9gtechnika automatika<br>B\u00e9k\u00e9scsaba B\u00e1bsz\u00ednh\u00e1z f\u0171t\u00e9s \u00e9s l\u00e9gtechnika automatika<br>B\u00e9k\u00e9csaba Belv\u00e1rosi Uszoda l\u00e9gtechnika vez\u00e9rl\u00e9s<br>K\u00d6VIZIG B\u00e9k\u00e9sszentandr\u00e1s Duzzaszt\u00f3m\u0171 haj\u00f3z\u00f3zsilip automatika<br>Wellis Zrt. Dabas PU1 kabin automatika rendszer<br>Wellis Zrt. Dabas PU2 kabin automatika rendszer<br>K\u00d6VIZIG B\u00e9k\u00e9s NK F\u0150-I-II \u00f6nt\u00f6z\u0151csatorna szivatty\u00fa vez\u00e9rl\u0151rendszerek<br>Gyula K\u00f3rh\u00e1z H \u00e9p\u00fclet \u00e9p\u00fcletg\u00e9p\u00e9szeti automatika rendszer<br>Gyula K\u00f3rh\u00e1z H\u0151- \u00e9s f\u00fcstelvezet\u0151 automatika rendszer<br>Gyula T\u00f6rv\u00e9nysz\u00e9k \u00e9p\u00fcletg\u00e9p\u00e9szeti automatika rendszer<br>Mak\u00f3 Szennyv\u00edztiszt\u00edt\u00f3 telep folyamatir\u00e1ny\u00edt\u00e1si rendszer<\/p>\n\n\n\n<p class=\"has-medium-font-size\"><strong>Tervez\u00e9si referenci\u00e1k<\/strong><\/p>\n\n\n\n<p>HELL ENERGY Kft. Sziksz\u00f3 palackoz\u00f3 \u00fczem f\u0171t\u00e9s \u00e9s l\u00e9gtechnika automatika<br>HUNGUEST HOTEL B\u00c9KE Hajd\u00faszoboszl\u00f3 f\u0171t\u00e9s \u00e9s l\u00e9gtechnika automatika<br>M\u00f3rahalom V\u00e1ros term\u00e1l dekarboniz\u00e1ci\u00f3s rendszer villamos \u00e9s \u00e9p\u00fcletg\u00e9p\u00e9szeti automatika<br>B\u00e9k\u00e9s F\u00fcrd\u0151 \u00e9s Sz\u00e1lloda f\u0171t\u00e9s \u00e9s l\u00e9gtechnika automatika<br>Andr\u00e1ssy Gimn\u00e1zium Tornacsarnok f\u0171t\u00e9s \u00e9s l\u00e9gtechnika automatika<br>Kis\u00fajsz\u00e1ll\u00e1si Sportcsarnok \u00e9s Uszoda \u00e9p\u00fcletg\u00e9p\u00e9szeti \u00e9s v\u00edzg\u00e9p\u00e9szeti automatika<br>Bicske Vas\u00fat\u00e1llom\u00e1s felv\u00e9teli \u00e9p\u00fclet f\u0171t\u00e9s \u00e9s l\u00e9gtechnika automatika<br>B\u00e9k\u00e9scsaba Linamar Zrt. LTH csarnok f\u0171t\u00e9s automatika<br>B\u00e9k\u00e9scsaba Linamar Zrt. PPM csarnok f\u0171t\u00e9s automatika<br>Orosh\u00e1za Linamar Zrt. iroda f\u0171t\u00e9s automatika<br>Telekgerend\u00e1s FirstFarms Hungary Kft. sert\u00e9stelep f\u0171t\u00e9s automatika<br>Pusztaf\u00f6ldv\u00e1r FirstFarms Hungary Kft. sert\u00e9stelep f\u0171t\u00e9s automatika<br>TIVIZIG Balmaz\u00fajv\u00e1ros Szivatty\u00fa telep szivatty\u00fa vez\u00e9rl\u0151rendszer<br>B\u00e9k\u00e9sszentandr\u00e1s S\u00f6rgy\u00e1r f\u0171t\u00e9s \u00e9s l\u00e9gtechnika automatika<br>Szentes Hungerit Zrt. V\u00f6r\u00f6s\u00fczem f\u0171t\u00e9s automatika<br>KISTELEKI M+M SAJTGY\u00c1RT\u00d3 KFT. Szentes Pan\u00edr\u00fczem f\u0171t\u00e9s automatika<br>Gyula Park Hotel Wellness r\u00e9szleg v\u00edzg\u00e9p\u00e9szeti automatika rendszer<br>V\u00e9szt\u0151 Uszoda f\u0171t\u00e9s \u00e9s l\u00e9gtechnika automatika<br>TIVIZIG Derecske Szivatty\u00fa telep<br>K\u00d6VIZIG t\u00e1vjelz\u0151 rendszer\u00e9ben \u00fczemel\u0151 v\u00edzhozam t\u00e1vm\u00e9r\u0151 \u00e1llom\u00e1sok villamos \u00e9s m\u0171szerez\u00e9si terv<br>K\u00d6VIZIG Boldish\u00e1t Szivatty\u00fa telep<br>K\u00d6VIZIG Horgai Szivatty\u00fa telep<br>K\u00d6VIZIG Foly\u00e1s\u00e9r Szivatty\u00fa telep<br>K\u00d6VIZIG Fokk\u00f6z II. Szivatty\u00fa telep<br>K\u00d6VIZIG Peres Szivatty\u00fa telep<br>K\u00d6VIZIG Nagyzug Szivatty\u00fa telep<\/p>\n","protected":false},"excerpt":{"rendered":"<p>Tervez\u00e9si \u00e9s kivitelez\u00e9si referenci\u00e1k Csaba Center bev\u00e1s\u00e1rl\u00f3k\u00f6zpont \u00e9p\u00fcletfel\u00fcgyeletBRSE R\u00f6plabdacsarnok \u00e9p\u00fcletg\u00e9p\u00e9szeti automatika rendszerB\u00e9k\u00e9scsaba V\u00e1rosi K\u00f6nyvt\u00e1r f\u0171t\u00e9s automatikaB\u00e9k\u00e9scsaba &hellip; <a title=\"Referenci\u00e1k\" class=\"hm-read-more\" href=\"https:\/\/www.epulet-automatika.hu\/?page_id=12\"><span class=\"screen-reader-text\">Referenci\u00e1k<\/span>Read more<\/a><\/p>\n","protected":false},"author":2,"featured_media":0,"parent":0,"menu_order":0,"comment_status":"closed","ping_status":"closed","template":"","meta":{"footnotes":""},"class_list":["post-12","page","type-page","status-publish","hentry"],"_links":{"self":[{"href":"https:\/\/www.epulet-automatika.hu\/index.php?rest_route=\/wp\/v2\/pages\/12","targetHints":{"allow":["GET"]}}],"collection":[{"href":"https:\/\/www.epulet-automatika.hu\/index.php?rest_route=\/wp\/v2\/pages"}],"about":[{"href":"https:\/\/www.epulet-automatika.hu\/index.php?rest_route=\/wp\/v2\/types\/page"}],"author":[{"embeddable":true,"href":"https:\/\/www.epulet-automatika.hu\/index.php?rest_route=\/wp\/v2\/users\/2"}],"replies":[{"embeddable":true,"href":"https:\/\/www.epulet-automatika.hu\/index.php?rest_route=%2Fwp%2Fv2%2Fcomments&post=12"}],"version-history":[{"count":8,"href":"https:\/\/www.epulet-automatika.hu\/index.php?rest_route=\/wp\/v2\/pages\/12\/revisions"}],"predecessor-version":[{"id":153,"href":"https:\/\/www.epulet-automatika.hu\/index.php?rest_route=\/wp\/v2\/pages\/12\/revisions\/153"}],"wp:attachment":[{"href":"https:\/\/www.epulet-automatika.hu\/index.php?rest_route=%2Fwp%2Fv2%2Fmedia&parent=12"}],"curies":[{"name":"wp","href":"https:\/\/api.w.org\/{rel}","templated":true}]}}