{"id":13,"date":"2020-07-24T13:33:18","date_gmt":"2020-07-24T13:33:18","guid":{"rendered":"https:\/\/www.epulet-automatika.hu\/?page_id=13"},"modified":"2025-08-02T11:24:55","modified_gmt":"2025-08-02T11:24:55","slug":"elerhetoseg","status":"publish","type":"page","link":"https:\/\/www.epulet-automatika.hu\/?page_id=13","title":{"rendered":"Kapcsolat"},"content":{"rendered":"\n<p>Amennyiben szolg\u00e1ltat\u00e1saink felkeltett\u00e9k figyelm\u00e9t, k\u00e9rjen aj\u00e1nlatot az al\u00e1bbi el\u00e9rhet\u0151s\u00e9geinken:<\/p>\n\n\n\n<p><strong>BMS \u00c9p\u00fclet Automatika Bt.<\/strong><\/p>\n\n\n\n<p>5600 B\u00e9k\u00e9scsaba, Kazinczy u. 4.<\/p>\n\n\n\n<p>+36 30 323 5467<\/p>\n\n\n\n<p><a href=\"mailto:info@epulet-automatika.hu\" target=\"_blank\" rel=\"noreferrer noopener\">info@epulet-automatika.hu<\/a><\/p>\n","protected":false},"excerpt":{"rendered":"<p>Amennyiben szolg\u00e1ltat\u00e1saink felkeltett\u00e9k figyelm\u00e9t, k\u00e9rjen aj\u00e1nlatot az al\u00e1bbi el\u00e9rhet\u0151s\u00e9geinken: BMS \u00c9p\u00fclet Automatika Bt. 5600 B\u00e9k\u00e9scsaba, Kazinczy &hellip; <a title=\"Kapcsolat\" class=\"hm-read-more\" href=\"https:\/\/www.epulet-automatika.hu\/?page_id=13\"><span class=\"screen-reader-text\">Kapcsolat<\/span>Read more<\/a><\/p>\n","protected":false},"author":2,"featured_media":0,"parent":0,"menu_order":0,"comment_status":"closed","ping_status":"closed","template":"","meta":{"footnotes":""},"class_list":["post-13","page","type-page","status-publish","hentry"],"_links":{"self":[{"href":"https:\/\/www.epulet-automatika.hu\/index.php?rest_route=\/wp\/v2\/pages\/13","targetHints":{"allow":["GET"]}}],"collection":[{"href":"https:\/\/www.epulet-automatika.hu\/index.php?rest_route=\/wp\/v2\/pages"}],"about":[{"href":"https:\/\/www.epulet-automatika.hu\/index.php?rest_route=\/wp\/v2\/types\/page"}],"author":[{"embeddable":true,"href":"https:\/\/www.epulet-automatika.hu\/index.php?rest_route=\/wp\/v2\/users\/2"}],"replies":[{"embeddable":true,"href":"https:\/\/www.epulet-automatika.hu\/index.php?rest_route=%2Fwp%2Fv2%2Fcomments&post=13"}],"version-history":[{"count":7,"href":"https:\/\/www.epulet-automatika.hu\/index.php?rest_route=\/wp\/v2\/pages\/13\/revisions"}],"predecessor-version":[{"id":245,"href":"https:\/\/www.epulet-automatika.hu\/index.php?rest_route=\/wp\/v2\/pages\/13\/revisions\/245"}],"wp:attachment":[{"href":"https:\/\/www.epulet-automatika.hu\/index.php?rest_route=%2Fwp%2Fv2%2Fmedia&parent=13"}],"curies":[{"name":"wp","href":"https:\/\/api.w.org\/{rel}","templated":true}]}}