{"id":2,"date":"2020-07-24T11:52:27","date_gmt":"2020-07-24T11:52:28","guid":{"rendered":"https:\/\/www.epulet-automatika.hu\/?page_id=2"},"modified":"2025-08-02T12:38:52","modified_gmt":"2025-08-02T12:38:52","slug":"ez-egy-minta-oldal","status":"publish","type":"page","link":"https:\/\/www.epulet-automatika.hu\/?page_id=2","title":{"rendered":"Magunkr\u00f3l"},"content":{"rendered":"\n<p><\/p>\n\n\n\n<h2 class=\"wp-block-heading\"><strong>Bemutatkoz\u00e1s<\/strong><\/h2>\n\n\n\n<p>A BMS \u00c9p\u00fclet Automatika Bt. egyed\u00fcl\u00e1ll\u00f3 know-how-val rendelkezik az \u00e9p\u00fcletfel\u00fcgyelet, az ipari automatiz\u00e1l\u00e1s \u00e9s az informatika ter\u00fclet\u00e9n. C\u00e9g\u00fcnk 2014-ben alakult \u00e9p\u00fcletautomatiz\u00e1l\u00e1si feladatok tervez\u00e9s\u00e9re \u00e9s kivitelez\u00e9s\u00e9re. A piaci ig\u00e9nyeknek k\u00f6sz\u00f6nhet\u0151en az ipari automatiz\u00e1l\u00e1s kommun\u00e1lis \u00e9s er\u0151m\u0171vi v\u00edz- \u00e9s szennyv\u00edztechnol\u00f3gia ter\u00fclet\u00e9n is szak\u00e9rtelemre tett\u00fcnk szert.  C\u00e9g\u00fcnk jelenleg a Schneider Electric \u00e9s SAIA Burgess Controls rendszerintegr\u00e1tor partnerek\u00e9nt tev\u00e9nykedik.<\/p>\n\n\n\n<p><\/p>\n","protected":false},"excerpt":{"rendered":"<p>Bemutatkoz\u00e1s A BMS \u00c9p\u00fclet Automatika Bt. egyed\u00fcl\u00e1ll\u00f3 know-how-val rendelkezik az \u00e9p\u00fcletfel\u00fcgyelet, az ipari automatiz\u00e1l\u00e1s \u00e9s az &hellip; <a title=\"Magunkr\u00f3l\" class=\"hm-read-more\" href=\"https:\/\/www.epulet-automatika.hu\/?page_id=2\"><span class=\"screen-reader-text\">Magunkr\u00f3l<\/span>Read more<\/a><\/p>\n","protected":false},"author":1,"featured_media":0,"parent":0,"menu_order":0,"comment_status":"closed","ping_status":"open","template":"","meta":{"footnotes":""},"class_list":["post-2","page","type-page","status-publish","hentry"],"_links":{"self":[{"href":"https:\/\/www.epulet-automatika.hu\/index.php?rest_route=\/wp\/v2\/pages\/2","targetHints":{"allow":["GET"]}}],"collection":[{"href":"https:\/\/www.epulet-automatika.hu\/index.php?rest_route=\/wp\/v2\/pages"}],"about":[{"href":"https:\/\/www.epulet-automatika.hu\/index.php?rest_route=\/wp\/v2\/types\/page"}],"author":[{"embeddable":true,"href":"https:\/\/www.epulet-automatika.hu\/index.php?rest_route=\/wp\/v2\/users\/1"}],"replies":[{"embeddable":true,"href":"https:\/\/www.epulet-automatika.hu\/index.php?rest_route=%2Fwp%2Fv2%2Fcomments&post=2"}],"version-history":[{"count":9,"href":"https:\/\/www.epulet-automatika.hu\/index.php?rest_route=\/wp\/v2\/pages\/2\/revisions"}],"predecessor-version":[{"id":279,"href":"https:\/\/www.epulet-automatika.hu\/index.php?rest_route=\/wp\/v2\/pages\/2\/revisions\/279"}],"wp:attachment":[{"href":"https:\/\/www.epulet-automatika.hu\/index.php?rest_route=%2Fwp%2Fv2%2Fmedia&parent=2"}],"curies":[{"name":"wp","href":"https:\/\/api.w.org\/{rel}","templated":true}]}}