{"id":210,"date":"2023-10-03T08:25:41","date_gmt":"2023-10-03T08:25:41","guid":{"rendered":"https:\/\/www.epulet-automatika.hu\/?page_id=210"},"modified":"2025-08-03T15:06:54","modified_gmt":"2025-08-03T15:06:54","slug":"energetikai-audit","status":"publish","type":"page","link":"https:\/\/www.epulet-automatika.hu\/?page_id=210","title":{"rendered":"Ipari automatiz\u00e1l\u00e1s"},"content":{"rendered":"\n<p><\/p>\n\n\n\n<h2 class=\"wp-block-heading\"><strong>Eszk\u00f6z\u00f6k \u00e9s rendszerszolg\u00e1ltat\u00e1sok<\/strong><\/h2>\n\n\n\n<p>C\u00e9g\u00fcnk prefer\u00e1ltan a Schneider Electric Modicon M241, M340, M580 PLC \u00e9s SAIA BURGESS PCD1, PCD2, PCD3 term\u00e9kcsal\u00e1dok telep\u00edt\u00e9s\u00e9vel \u00e9s programoz\u00e1s\u00e1val fejleszti rendszereit. Az automatika rendszerek helyi beavatkoz\u00e1s\u00e1t \u00e9s monitoroz\u00e1s\u00e1t vagy Magelis term\u00e9kcsal\u00e1d \u00e9rint\u0151k\u00e9perny\u0151in biztos\u00edtjuk, vagy a fels\u0151 szint\u0171 megjelen\u00edt\u00e9st biztos\u00edt\u00f3 Machine SCADA Expert programmal v\u00e9gezz\u00fck ak\u00e1r 64000 v\u00e1ltoz\u00f3ig.<\/p>\n\n\n\n<p><\/p>\n\n\n\n<figure class=\"wp-block-image size-large is-resized\"><img loading=\"lazy\" decoding=\"async\" width=\"1024\" height=\"545\" src=\"https:\/\/www.epulet-automatika.hu\/wp-content\/uploads\/2025\/08\/gigacontrol-241-scheme-en-1024x545.jpg\" alt=\"\" class=\"wp-image-283\" style=\"width:812px;height:auto\" srcset=\"https:\/\/www.epulet-automatika.hu\/wp-content\/uploads\/2025\/08\/gigacontrol-241-scheme-en-1024x545.jpg 1024w, https:\/\/www.epulet-automatika.hu\/wp-content\/uploads\/2025\/08\/gigacontrol-241-scheme-en-300x160.jpg 300w, https:\/\/www.epulet-automatika.hu\/wp-content\/uploads\/2025\/08\/gigacontrol-241-scheme-en-768x409.jpg 768w, https:\/\/www.epulet-automatika.hu\/wp-content\/uploads\/2025\/08\/gigacontrol-241-scheme-en.jpg 1258w\" sizes=\"auto, (max-width: 1024px) 100vw, 1024px\" \/><\/figure>\n\n\n\n<p><\/p>\n\n\n\n<p><\/p>\n\n\n\n<p><strong>PLC rendszerek tervez\u00e9se, telep\u00edt\u00e9se<\/strong><br>HVAC rendszerek:<br>Schneider Electric Modicon M171\/M172\/M173<\/p>\n\n\n\n<p>Egyszer\u0171 automatiz\u00e1l\u00e1si rendszerek:<br>Schneider Electric Modicon M200\/M221<\/p>\n\n\n\n<p>K\u00f6z\u00e9p kateg\u00f3r\u00e1s automatika rendszerek:<br>Schneider Electric Modicon M241, M251<\/p>\n\n\n\n<p>Fels\u0151 kateg\u00f3ri\u00e1s automatika rendszerek:<br>Schneider Electric Modicon M340, M580<\/p>\n\n\n\n<p>V\u00edzik\u00f6zm\u0171 automtiz\u00e1l\u00e1si rendszerek:<br>SAIA PCD1, PCD2, PCD3<\/p>\n\n\n\n<p><strong>SCADA rendszerek tervez\u00e9se, kivitelez\u00e9se<\/strong><\/p>\n\n\n\n<p>Machine Expert SCADA<br>VISION X9<\/p>\n\n\n\n<figure class=\"wp-block-image size-full\"><img loading=\"lazy\" decoding=\"async\" width=\"782\" height=\"343\" src=\"https:\/\/www.epulet-automatika.hu\/wp-content\/uploads\/2023\/02\/vijweb.jpg\" alt=\"\" class=\"wp-image-136\" srcset=\"https:\/\/www.epulet-automatika.hu\/wp-content\/uploads\/2023\/02\/vijweb.jpg 782w, https:\/\/www.epulet-automatika.hu\/wp-content\/uploads\/2023\/02\/vijweb-300x132.jpg 300w, https:\/\/www.epulet-automatika.hu\/wp-content\/uploads\/2023\/02\/vijweb-768x337.jpg 768w\" sizes=\"auto, (max-width: 782px) 100vw, 782px\" \/><\/figure>\n\n\n\n<p><\/p>\n\n\n\n<p><strong>Ipari kezel\u0151termin\u00e1lok (HMI) tervez\u00e9se, kivitelez\u00e9se<\/strong><\/p>\n\n\n\n<p>Schneider Electric Magelis \u00e9s Operation termin\u00e1lok<br>SAIA WebPanel<\/p>\n\n\n\n<p><\/p>\n\n\n\n<p><strong>Ipari kommunik\u00e1ci\u00f3s h\u00e1l\u00f3zatok tervez\u00e9se kivitelez\u00e9se<\/strong><\/p>\n\n\n\n<p>Modbus RTU<br>Modbus TCP<br>BacNET<br>Ethernet<br>Mikrohull\u00e1m\u00fa Ethernet<br>WLAN<\/p>\n\n\n\n<p><strong>Frekvenciav\u00e1lt\u00f3k telep\u00edt\u00e9se, programoz\u00e1sa<\/strong><\/p>\n\n\n\n<p>Altivar term\u00e9kcsal\u00e1dok SoMove szoftverrel<br>Danfoss FC101, 102, 202<\/p>\n","protected":false},"excerpt":{"rendered":"<p>Eszk\u00f6z\u00f6k \u00e9s rendszerszolg\u00e1ltat\u00e1sok C\u00e9g\u00fcnk prefer\u00e1ltan a Schneider Electric Modicon M241, M340, M580 PLC \u00e9s SAIA BURGESS &hellip; <a title=\"Ipari automatiz\u00e1l\u00e1s\" class=\"hm-read-more\" href=\"https:\/\/www.epulet-automatika.hu\/?page_id=210\"><span class=\"screen-reader-text\">Ipari automatiz\u00e1l\u00e1s<\/span>Read more<\/a><\/p>\n","protected":false},"author":2,"featured_media":0,"parent":0,"menu_order":0,"comment_status":"closed","ping_status":"closed","template":"","meta":{"footnotes":""},"class_list":["post-210","page","type-page","status-publish","hentry"],"_links":{"self":[{"href":"https:\/\/www.epulet-automatika.hu\/index.php?rest_route=\/wp\/v2\/pages\/210","targetHints":{"allow":["GET"]}}],"collection":[{"href":"https:\/\/www.epulet-automatika.hu\/index.php?rest_route=\/wp\/v2\/pages"}],"about":[{"href":"https:\/\/www.epulet-automatika.hu\/index.php?rest_route=\/wp\/v2\/types\/page"}],"author":[{"embeddable":true,"href":"https:\/\/www.epulet-automatika.hu\/index.php?rest_route=\/wp\/v2\/users\/2"}],"replies":[{"embeddable":true,"href":"https:\/\/www.epulet-automatika.hu\/index.php?rest_route=%2Fwp%2Fv2%2Fcomments&post=210"}],"version-history":[{"count":20,"href":"https:\/\/www.epulet-automatika.hu\/index.php?rest_route=\/wp\/v2\/pages\/210\/revisions"}],"predecessor-version":[{"id":443,"href":"https:\/\/www.epulet-automatika.hu\/index.php?rest_route=\/wp\/v2\/pages\/210\/revisions\/443"}],"wp:attachment":[{"href":"https:\/\/www.epulet-automatika.hu\/index.php?rest_route=%2Fwp%2Fv2%2Fmedia&parent=210"}],"curies":[{"name":"wp","href":"https:\/\/api.w.org\/{rel}","templated":true}]}}