{"id":6,"date":"2020-07-24T12:18:13","date_gmt":"2020-07-24T12:18:13","guid":{"rendered":"https:\/\/www.epulet-automatika.hu\/?page_id=6"},"modified":"2025-08-02T12:39:10","modified_gmt":"2025-08-02T12:39:10","slug":"szolgaltatasok","status":"publish","type":"page","link":"https:\/\/www.epulet-automatika.hu\/?page_id=6","title":{"rendered":"Tervez\u00e9s"},"content":{"rendered":"\n<p><\/p>\n\n\n\n<h2 class=\"wp-block-heading\"><strong>Villamos tervdokument\u00e1ci\u00f3 k\u00e9sz\u00edt\u00e9s<\/strong><\/h2>\n\n\n\n<p>C\u00e9g\u00fcnk az al\u00e1bbi ter\u00fcletekre v\u00e1llalja a tender, kiviteli illetve megval\u00f3sul\u00e1si tervek k\u00e9sz\u00edt\u00e9s\u00e9t:<\/p>\n\n\n\n<ul class=\"wp-block-list\">\n<li>\u00c9p\u00fcletvillamoss\u00e1gi tervek<\/li>\n\n\n\n<li>\u00c9p\u00fcletg\u00e9p\u00e9szeti automatika rendszerek<\/li>\n\n\n\n<li>V\u00edzg\u00e9p\u00e9szeti automatika rendszerek\n<ul class=\"wp-block-list\">\n<li>Uszoda g\u00e9p\u00e9szet<\/li>\n\n\n\n<li>Szennyv\u00edz \u00e1temel\u0151 \u00e9s tiszt\u00edt\u00f3 telepek<\/li>\n\n\n\n<li>Iv\u00f3v\u00edz rendszerek, kutak<\/li>\n\n\n\n<li>Er\u0151m\u0171vi v\u00edzkezel\u0151 rendszerek<\/li>\n\n\n\n<li>Folyami v\u00edzhozam m\u00e9r\u0151 rendszerek<\/li>\n<\/ul>\n<\/li>\n\n\n\n<li>\u00c1ramszolg\u00e1ltat\u00f3i csatlakoz\u00e1si terv dokument\u00e1ci\u00f3<\/li>\n<\/ul>\n\n\n\n<p><strong>Tervez\u0151 szoftverek:<\/strong><\/p>\n\n\n\n<p>C\u00e9g\u00fcnk az al\u00e1bbi szoftverek seg\u00edts\u00e9g\u00e9vel k\u00e9sz\u00edti el terveit:<\/p>\n\n\n\n<ul class=\"wp-block-list\">\n<li>EPLAN Electric P8 2024<\/li>\n\n\n\n<li>ZWCAD 2024<\/li>\n\n\n\n<li>DIALux evo<\/li>\n<\/ul>\n\n\n\n<p><\/p>\n\n\n\n<p><strong>Tervez\u0151i enged\u00e9lyek:<\/strong><\/p>\n\n\n\n<p>V &#8211; \u00c9p\u00edtm\u00e9nyvillamoss\u00e1gi tervez\u00e9s<br>EN-H\u0150 &#8211; H\u0151energetikai \u00e9p\u00edtm\u00e9nyek tervez\u00e9se<br>EN-ME &#8211; Meg\u00fajul\u00f3 energia \u00e9p\u00edtm\u00e9nyek tervez\u00e9se<br>EN-VI &#8211; Villamosenergetikai \u00e9p\u00edtm\u00e9nyek tervez\u00e9se<\/p>\n\n\n\n<p><strong>Felel\u0151s m\u0171szaki vezet\u0151i, m\u0171szaki ellen\u0151ri enged\u00e9lyek:<\/strong><\/p>\n\n\n\n<p>MV-EN &#8211; Energiaell\u00e1t\u00e1si \u00e9p\u00edtm\u00e9nyek \u00e9p\u00edt\u00e9s\u00e9nek felel\u0151s m\u0171szaki vezet\u00e9se<br>MV-\u00c9V &#8211; \u00c9p\u00edtm\u00e9nyek \u00e9p\u00edtm\u00e9nyvillamoss\u00e1gi munk\u00e1inak felel\u0151s m\u0171szaki vezet\u00e9se<br>ME-V &#8211; \u00c9p\u00edtm\u00e9nyek \u00e9p\u00edtm\u00e9nyvillamoss\u00e1gi munk\u00e1inak m\u0171szaki ellen\u0151rz\u00e9se<\/p>\n\n\n\n<p><\/p>\n","protected":false},"excerpt":{"rendered":"<p>Villamos tervdokument\u00e1ci\u00f3 k\u00e9sz\u00edt\u00e9s C\u00e9g\u00fcnk az al\u00e1bbi ter\u00fcletekre v\u00e1llalja a tender, kiviteli illetve megval\u00f3sul\u00e1si tervek k\u00e9sz\u00edt\u00e9s\u00e9t: Tervez\u0151 &hellip; <a title=\"Tervez\u00e9s\" class=\"hm-read-more\" href=\"https:\/\/www.epulet-automatika.hu\/?page_id=6\"><span class=\"screen-reader-text\">Tervez\u00e9s<\/span>Read more<\/a><\/p>\n","protected":false},"author":2,"featured_media":0,"parent":0,"menu_order":0,"comment_status":"closed","ping_status":"closed","template":"","meta":{"footnotes":""},"class_list":["post-6","page","type-page","status-publish","hentry"],"_links":{"self":[{"href":"https:\/\/www.epulet-automatika.hu\/index.php?rest_route=\/wp\/v2\/pages\/6","targetHints":{"allow":["GET"]}}],"collection":[{"href":"https:\/\/www.epulet-automatika.hu\/index.php?rest_route=\/wp\/v2\/pages"}],"about":[{"href":"https:\/\/www.epulet-automatika.hu\/index.php?rest_route=\/wp\/v2\/types\/page"}],"author":[{"embeddable":true,"href":"https:\/\/www.epulet-automatika.hu\/index.php?rest_route=\/wp\/v2\/users\/2"}],"replies":[{"embeddable":true,"href":"https:\/\/www.epulet-automatika.hu\/index.php?rest_route=%2Fwp%2Fv2%2Fcomments&post=6"}],"version-history":[{"count":15,"href":"https:\/\/www.epulet-automatika.hu\/index.php?rest_route=\/wp\/v2\/pages\/6\/revisions"}],"predecessor-version":[{"id":280,"href":"https:\/\/www.epulet-automatika.hu\/index.php?rest_route=\/wp\/v2\/pages\/6\/revisions\/280"}],"wp:attachment":[{"href":"https:\/\/www.epulet-automatika.hu\/index.php?rest_route=%2Fwp%2Fv2%2Fmedia&parent=6"}],"curies":[{"name":"wp","href":"https:\/\/api.w.org\/{rel}","templated":true}]}}