{"id":71,"date":"2023-02-17T07:39:38","date_gmt":"2023-02-17T07:39:38","guid":{"rendered":"https:\/\/www.epulet-automatika.hu\/?page_id=71"},"modified":"2025-08-02T13:09:37","modified_gmt":"2025-08-02T13:09:37","slug":"informatikai-szolgaltatasok","status":"publish","type":"page","link":"https:\/\/www.epulet-automatika.hu\/?page_id=71","title":{"rendered":"Schneider SI Alliance"},"content":{"rendered":"\n<p class=\"has-medium-font-size\"><\/p>\n\n\n\n<h2 class=\"wp-block-heading\"><strong>Alliance Partner program<\/strong><\/h2>\n\n\n\n<p>C\u00e9g\u00fcnk speci\u00e1lis szak\u00e9rtelm\u00e9nek elismer\u00e9sek\u00e9nt 2025 \u00e9v elej\u00e9n megszerezte a regisztr\u00e1lt Schneider Electric SI Alliance partner c\u00edmet.<\/p>\n\n\n\n<p>Az Alliance Partner program egy olyan kezdem\u00e9nyez\u00e9s, amelynek r\u00e9v\u00e9n vil\u00e1gszerte kapcsolatba l\u00e9phet adott ter\u00fcletre specializ\u00e1l\u00f3dott ipari automatiz\u00e1l\u00e1si rendszerintegr\u00e1torral a Schneider Electric aj\u00e1nl\u00e1s\u00e1val. Ez az egy\u00fcttm\u0171k\u00f6d\u00e9s biztos\u00edtja mindazokat az er\u0151forr\u00e1sokat, eszk\u00f6z\u00f6ket \u00e9s szolg\u00e1ltat\u00e1sokat, amelyek az \u00d6n v\u00e1llalkoz\u00e1s\u00e1nak hat\u00e9kony fejleszt\u00e9s\u00e9hez sz\u00fcks\u00e9gesek.<\/p>\n\n\n\n<p><\/p>\n\n\n\n<figure class=\"wp-block-image size-full is-resized\"><img loading=\"lazy\" decoding=\"async\" width=\"701\" height=\"448\" src=\"https:\/\/www.epulet-automatika.hu\/wp-content\/uploads\/2025\/08\/Partnership-Badges_Alliance-Partner_Registered_RGB_Green_c.png\" alt=\"\" class=\"wp-image-259\" style=\"width:304px;height:auto\" srcset=\"https:\/\/www.epulet-automatika.hu\/wp-content\/uploads\/2025\/08\/Partnership-Badges_Alliance-Partner_Registered_RGB_Green_c.png 701w, https:\/\/www.epulet-automatika.hu\/wp-content\/uploads\/2025\/08\/Partnership-Badges_Alliance-Partner_Registered_RGB_Green_c-300x192.png 300w\" sizes=\"auto, (max-width: 701px) 100vw, 701px\" \/><\/figure>\n\n\n\n<p><\/p>\n","protected":false},"excerpt":{"rendered":"<p>Alliance Partner program C\u00e9g\u00fcnk speci\u00e1lis szak\u00e9rtelm\u00e9nek elismer\u00e9sek\u00e9nt 2025 \u00e9v elej\u00e9n megszerezte a regisztr\u00e1lt Schneider Electric SI &hellip; <a title=\"Schneider SI Alliance\" class=\"hm-read-more\" href=\"https:\/\/www.epulet-automatika.hu\/?page_id=71\"><span class=\"screen-reader-text\">Schneider SI Alliance<\/span>Read more<\/a><\/p>\n","protected":false},"author":2,"featured_media":0,"parent":0,"menu_order":0,"comment_status":"closed","ping_status":"closed","template":"","meta":{"footnotes":""},"class_list":["post-71","page","type-page","status-publish","hentry"],"_links":{"self":[{"href":"https:\/\/www.epulet-automatika.hu\/index.php?rest_route=\/wp\/v2\/pages\/71","targetHints":{"allow":["GET"]}}],"collection":[{"href":"https:\/\/www.epulet-automatika.hu\/index.php?rest_route=\/wp\/v2\/pages"}],"about":[{"href":"https:\/\/www.epulet-automatika.hu\/index.php?rest_route=\/wp\/v2\/types\/page"}],"author":[{"embeddable":true,"href":"https:\/\/www.epulet-automatika.hu\/index.php?rest_route=\/wp\/v2\/users\/2"}],"replies":[{"embeddable":true,"href":"https:\/\/www.epulet-automatika.hu\/index.php?rest_route=%2Fwp%2Fv2%2Fcomments&post=71"}],"version-history":[{"count":13,"href":"https:\/\/www.epulet-automatika.hu\/index.php?rest_route=\/wp\/v2\/pages\/71\/revisions"}],"predecessor-version":[{"id":296,"href":"https:\/\/www.epulet-automatika.hu\/index.php?rest_route=\/wp\/v2\/pages\/71\/revisions\/296"}],"wp:attachment":[{"href":"https:\/\/www.epulet-automatika.hu\/index.php?rest_route=%2Fwp%2Fv2%2Fmedia&parent=71"}],"curies":[{"name":"wp","href":"https:\/\/api.w.org\/{rel}","templated":true}]}}