{"id":86,"date":"2023-02-17T10:38:27","date_gmt":"2023-02-17T10:38:27","guid":{"rendered":"https:\/\/www.epulet-automatika.hu\/?page_id=86"},"modified":"2025-08-02T13:36:35","modified_gmt":"2025-08-02T13:36:35","slug":"epuletautomatizalas","status":"publish","type":"page","link":"https:\/\/www.epulet-automatika.hu\/?page_id=86","title":{"rendered":"\u00c9p\u00fcletfel\u00fcgyelet"},"content":{"rendered":"\n<p class=\"has-medium-font-size\"><\/p>\n\n\n\n<h2 class=\"wp-block-heading\"><strong>Tervez\u00e9st\u0151l a megold\u00e1sig<\/strong><\/h2>\n\n\n\n<p>Az \u00e9p\u00fcletautomatiz\u00e1l\u00e1si vagy fel\u00fcgyeleti rendszerekn\u00e9l az a speci\u00e1lis eset \u00e1ll fenn, hogy egy projekt akkor val\u00f3s\u00edthat\u00f3 meg a legoptim\u00e1lisabban, ha a tervez\u0151 \u00e9s kivitelez\u0151 ugyanaz a c\u00e9g. A projektek bonyolults\u00e1ga speci\u00e1lis szak\u00e9rtelmet \u00e9s sok tapasztalatot k\u00edv\u00e1n, \u00edgy c\u00e9g\u00fcnk egyben tervezi, kivitelezi \u00e9s \u00fczemeli be az \u00e9p\u00fcletg\u00e9p\u00e9szeti rendszerek er\u0151s\u00e1ram\u00fa \u00e9s automatika berendez\u00e9seinek vez\u00e9rl\u00e9s\u00e9t.<\/p>\n\n\n\n<p class=\"has-medium-font-size\"><strong>KNX intelligens rendszer<\/strong><\/p>\n\n\n\n<p>A KNX szabv\u00e1nyos \u00e9p\u00fcletautomatiz\u00e1l\u00e1si rendszer lak\u00e1sok, csal\u00e1di h\u00e1zak, t\u00e1rsash\u00e1zak sz\u00e1m\u00e1ra. Azonban nem csak lakoss\u00e1gi felhaszn\u00e1l\u00e1sra, hanem sz\u00e1llod\u00e1k, irod\u00e1k, \u00fczemek, illetve b\u00e1rmely \u00e9p\u00fclet sz\u00e1m\u00e1ra kit\u0171n\u0151 megold\u00e1st biztos\u00edt a KNX \u00e9p\u00fcletautomatiz\u00e1l\u00e1si rendszer. C\u00e9g\u00fcnk v\u00e1llalja KNX rendszerek tervez\u00e9s\u00e9t, kivitelez\u00e9s\u00e9t vagy magasabb szint\u0171 \u00e9p\u00fcletfel\u00fcgyeleti rendszerbe integr\u00e1l\u00e1s\u00e1t a k\u00e9nyelem, a biztons\u00e1g \u00e9s az energiahat\u00e9konys\u00e1g n\u00f6vel\u00e9se \u00e9rdek\u00e9ben.<\/p>\n\n\n\n<figure class=\"wp-block-image size-large is-resized\"><img loading=\"lazy\" decoding=\"async\" width=\"959\" height=\"1024\" src=\"https:\/\/www.epulet-automatika.hu\/wp-content\/uploads\/2025\/08\/se_wiser-for-knx_funktionsumfang_2_web-959x1024.webp\" alt=\"\" class=\"wp-image-302\" style=\"width:565px;height:auto\" srcset=\"https:\/\/www.epulet-automatika.hu\/wp-content\/uploads\/2025\/08\/se_wiser-for-knx_funktionsumfang_2_web-959x1024.webp 959w, https:\/\/www.epulet-automatika.hu\/wp-content\/uploads\/2025\/08\/se_wiser-for-knx_funktionsumfang_2_web-281x300.webp 281w, https:\/\/www.epulet-automatika.hu\/wp-content\/uploads\/2025\/08\/se_wiser-for-knx_funktionsumfang_2_web-768x820.webp 768w, https:\/\/www.epulet-automatika.hu\/wp-content\/uploads\/2025\/08\/se_wiser-for-knx_funktionsumfang_2_web-1439x1536.webp 1439w, https:\/\/www.epulet-automatika.hu\/wp-content\/uploads\/2025\/08\/se_wiser-for-knx_funktionsumfang_2_web.webp 1600w\" sizes=\"auto, (max-width: 959px) 100vw, 959px\" \/><\/figure>\n\n\n\n<p><\/p>\n\n\n\n<p class=\"has-medium-font-size\"><\/p>\n\n\n\n<p class=\"has-medium-font-size\"><strong>Komplex \u00e9p\u00fcletautomatika rendszer (BMS) az optim\u00e1lis teljes\u00edtm\u00e9ny \u00e9rdek\u00e9ben<\/strong><\/p>\n\n\n\n<p>Az EcoStruxure\u2122 Building Operation komplex \u00e9p\u00fcletautomatiz\u00e1l\u00e1si rendszer a ma el\u00e9rhet\u0151 legmagasabb sz\u00ednvonalat biztos\u00edtja BMS rendszerek tekintet\u00e9ben. Az EcoStruxure Building Operation egy ny\u00edlt \u00e9s sk\u00e1l\u00e1zhat\u00f3 szoftverplatform, amely elemz\u00e9si, ir\u00e1ny\u00edt\u00e1si \u00e9s eszk\u00f6zkezel\u00e9si funkci\u00f3kat k\u00edn\u00e1l k\u00fcl\u00f6nf\u00e9le \u00e9p\u00fcletrendszerekhez \u00e9s eszk\u00f6z\u00f6kh\u00f6z egyetlen j\u00f3l haszn\u00e1lhat\u00f3, mobileszk\u00f6z-kompatibilis n\u00e9zeten kereszt\u00fcl. \u00c9rt\u00e9kes adatokat szolg\u00e1ltat d\u00f6nt\u00e9shozatalhoz az energiagazd\u00e1lkod\u00e1s jav\u00edt\u00e1sa \u00e9s a hat\u00e9konys\u00e1g n\u00f6vel\u00e9se \u00e9rdek\u00e9ben, ami jobban m\u0171k\u00f6d\u0151 \u00e9p\u00fcleteket, fokozott k\u00e9nyelmet, kisebb sz\u00e9n-dioxid-kibocs\u00e1t\u00e1st \u00e9s fenntarthat\u00f3bb \u00e9p\u00edtett k\u00f6rnyezetet eredm\u00e9nyez.<\/p>\n\n\n\n<figure class=\"wp-block-image size-large is-resized\"><img loading=\"lazy\" decoding=\"async\" width=\"1024\" height=\"467\" src=\"https:\/\/www.epulet-automatika.hu\/wp-content\/uploads\/2025\/08\/EcoStruxure-Plant-1024x467.png\" alt=\"\" class=\"wp-image-304\" style=\"width:1188px;height:auto\" srcset=\"https:\/\/www.epulet-automatika.hu\/wp-content\/uploads\/2025\/08\/EcoStruxure-Plant-1024x467.png 1024w, https:\/\/www.epulet-automatika.hu\/wp-content\/uploads\/2025\/08\/EcoStruxure-Plant-300x137.png 300w, https:\/\/www.epulet-automatika.hu\/wp-content\/uploads\/2025\/08\/EcoStruxure-Plant-768x350.png 768w, https:\/\/www.epulet-automatika.hu\/wp-content\/uploads\/2025\/08\/EcoStruxure-Plant.png 1432w\" sizes=\"auto, (max-width: 1024px) 100vw, 1024px\" \/><\/figure>\n\n\n\n<p><\/p>\n\n\n\n<p class=\"has-medium-font-size\"><strong>Eloszt\u00f3szekr\u00e9ny gy\u00e1rt\u00e1s<\/strong><\/p>\n\n\n\n<p>V\u00e1llaljuk projekt specifikusan az \u00e9p\u00fcletfel\u00fcgyeleti rendszerek vez\u00e9rl\u0151szekr\u00e9nyeinek valamint \u00e1ltal\u00e1nos alv\u00e1llakoz\u00f3k\u00e9nt er\u0151s\u00e1ram\u00fa eloszt\u00f3berendez\u00e9sek m\u0171helyben t\u00f6rt\u00e9n\u0151 el\u0151regy\u00e1rt\u00e1s\u00e1t 3200A-ig.<\/p>\n\n\n\n<p class=\"has-medium-font-size\"><strong>Szerv\u00edz \u00e9s karbantart\u00e1s<\/strong><\/p>\n\n\n\n<p>Az elk\u00e9sz\u00fclt rendszereket k\u00e9szs\u00e9ggel \u00fczemeltetj\u00fck, szervizelj\u00fck illetve karbantartjuk az \u00fcgyf\u00e9l ig\u00e9nyei szerint.<\/p>\n\n\n\n<p><\/p>\n","protected":false},"excerpt":{"rendered":"<p>Tervez\u00e9st\u0151l a megold\u00e1sig Az \u00e9p\u00fcletautomatiz\u00e1l\u00e1si vagy fel\u00fcgyeleti rendszerekn\u00e9l az a speci\u00e1lis eset \u00e1ll fenn, hogy egy &hellip; <a title=\"\u00c9p\u00fcletfel\u00fcgyelet\" class=\"hm-read-more\" href=\"https:\/\/www.epulet-automatika.hu\/?page_id=86\"><span class=\"screen-reader-text\">\u00c9p\u00fcletfel\u00fcgyelet<\/span>Read more<\/a><\/p>\n","protected":false},"author":2,"featured_media":0,"parent":0,"menu_order":0,"comment_status":"closed","ping_status":"closed","template":"","meta":{"footnotes":""},"class_list":["post-86","page","type-page","status-publish","hentry"],"_links":{"self":[{"href":"https:\/\/www.epulet-automatika.hu\/index.php?rest_route=\/wp\/v2\/pages\/86","targetHints":{"allow":["GET"]}}],"collection":[{"href":"https:\/\/www.epulet-automatika.hu\/index.php?rest_route=\/wp\/v2\/pages"}],"about":[{"href":"https:\/\/www.epulet-automatika.hu\/index.php?rest_route=\/wp\/v2\/types\/page"}],"author":[{"embeddable":true,"href":"https:\/\/www.epulet-automatika.hu\/index.php?rest_route=\/wp\/v2\/users\/2"}],"replies":[{"embeddable":true,"href":"https:\/\/www.epulet-automatika.hu\/index.php?rest_route=%2Fwp%2Fv2%2Fcomments&post=86"}],"version-history":[{"count":21,"href":"https:\/\/www.epulet-automatika.hu\/index.php?rest_route=\/wp\/v2\/pages\/86\/revisions"}],"predecessor-version":[{"id":311,"href":"https:\/\/www.epulet-automatika.hu\/index.php?rest_route=\/wp\/v2\/pages\/86\/revisions\/311"}],"wp:attachment":[{"href":"https:\/\/www.epulet-automatika.hu\/index.php?rest_route=%2Fwp%2Fv2%2Fmedia&parent=86"}],"curies":[{"name":"wp","href":"https:\/\/api.w.org\/{rel}","templated":true}]}}