{"id":88,"date":"2023-02-17T10:38:27","date_gmt":"2023-02-17T10:38:27","guid":{"rendered":"https:\/\/www.epulet-automatika.hu\/?page_id=88"},"modified":"2025-08-02T13:49:34","modified_gmt":"2025-08-02T13:49:34","slug":"energiahatekonysag","status":"publish","type":"page","link":"https:\/\/www.epulet-automatika.hu\/?page_id=88","title":{"rendered":"Energiahat\u00e9konys\u00e1g"},"content":{"rendered":"\n<h2 class=\"wp-block-heading\"><strong>Energiamenedzsment \u00e9s felt\u00e1r\u00e1s<\/strong><\/h2>\n\n\n\n<p>C\u00e9g\u00fcnk munkat\u00e1rsai energetikai auditork\u00e9nt t\u00f6bb t\u00edz energiahat\u00e9konys\u00e1gi projektben szerzett tapasztalataival v\u00e1llalj\u00e1k l\u00e9tes\u00edtm\u00e9nyek felm\u00e9r\u00e9s\u00e9t \u00e9s javaslatt\u00e9telt az energiafogyaszt\u00e1s cs\u00f6kkent\u00e9s\u00e9re.<\/p>\n\n\n\n<p><\/p>\n\n\n\n<figure class=\"wp-block-image size-full\"><img loading=\"lazy\" decoding=\"async\" width=\"450\" height=\"257\" src=\"https:\/\/www.epulet-automatika.hu\/wp-content\/uploads\/2023\/10\/pme2.jpg\" alt=\"\" class=\"wp-image-234\" srcset=\"https:\/\/www.epulet-automatika.hu\/wp-content\/uploads\/2023\/10\/pme2.jpg 450w, https:\/\/www.epulet-automatika.hu\/wp-content\/uploads\/2023\/10\/pme2-300x171.jpg 300w\" sizes=\"auto, (max-width: 450px) 100vw, 450px\" \/><\/figure>\n\n\n\n<p>EcoStruxure Power Monitoring Expert teljes\u00edtm\u00e9nyfel\u00fcgyeleti szoftver betekint\u00e9st ny\u00fajt az elektromos rendszerek \u00e1llapot\u00e1ba \u00e9s energiahat\u00e9konys\u00e1g\u00e1ba, \u00edgy \u00d6n megalapozott d\u00f6nt\u00e9seket hozhat a teljes\u00edtm\u00e9ny n\u00f6vel\u00e9se \u00e9rdek\u00e9ben. Az adatokat felhaszn\u00e1lhatja a gyakorlati l\u00e9p\u00e9sekhez, a fejlett energiavizualiz\u00e1ci\u00f3s \u00e9s elemz\u0151 eszk\u00f6z\u00f6kkel kiakn\u00e1zhatja a rendszer teljes potenci\u00e1lj\u00e1t.<\/p>\n\n\n\n<p><\/p>\n\n\n\n<p class=\"has-medium-font-size\"><strong><mark style=\"background-color:rgba(0, 0, 0, 0)\" class=\"has-inline-color has-black-color\">Alm\u00e9r\u0151k telep\u00edt\u00e9se<\/mark><\/strong><\/p>\n\n\n\n<p><\/p>\n\n\n\n<p>C\u00e9g\u00fcnk v\u00e1llalja teljesk\u00f6r\u0171en az alm\u00e9r\u00e9si rendszer tervez\u00e9s\u00e9t, ki\u00e9p\u00edt\u00e9s\u00e9t \u00e9s a sz\u00fcks\u00e9ges adatgy\u0171jt\u0151\/elemz\u0151 rendszer telep\u00edt\u00e9s\u00e9t, \u00fczemeltet\u00e9s\u00e9t.<\/p>\n\n\n\n<p><strong>Vonatkoz\u00f3 hat\u00e1lyos jogszab\u00e1lyok<\/strong><\/p>\n\n\n\n<ul class=\"wp-block-list\">\n<li>A 2015. \u00e9vi LVII. t\u00f6rv\u00e9ny az energiahat\u00e9konys\u00e1gr\u00f3l<\/li>\n\n\n\n<li>1\/2020. (I. 16.) MEKH rendelet<\/li>\n<\/ul>\n\n\n\n<p><strong>Az \u00e9rintett v\u00e1llalkoz\u00e1sok<\/strong><\/p>\n\n\n\n<p>A k\u00f6telezettek a rendelet 1. \u00a7-a szerint az energetikai szakreferens alkalmaz\u00e1s\u00e1ra k\u00f6telezett gazd\u00e1lkod\u00f3 szervezetek, vagyis azok a v\u00e1llalkoz\u00e1sok, akik a t\u00e1rgy\u00e9vet megel\u0151z\u0151 3 \u00e9vben az \u00e9ves v\u00e9gs\u0151energia-felhaszn\u00e1l\u00e1suknak az \u00e1tlaga meghaladja a 400.000 kWh villamos energi\u00e1t, vagy a 100.000 m3 f\u00f6ldg\u00e1zt, vagy 3.400 GJ h\u0151mennyis\u00e9get (az Enhat tv. 1. \u00a7 16. pontja szerint).<\/p>\n\n\n\n<p><strong>A m\u00e9r\u00e9ssel szembeni m\u0171szaki k\u00f6vetelm\u00e9nyek<\/strong><\/p>\n\n\n\n<p>Az alm\u00e9r\u0151 legal\u00e1bb negyed\u00f3r\u00e1nk\u00e9nti m\u00e9r\u00e9sre alkalmas, a m\u00e9r\u0151eszk\u00f6z\u00f6kre vonatkoz\u00f3 egyedi el\u0151\u00edr\u00e1sokr\u00f3l sz\u00f3l\u00f3 43\/2016. (XI. 23.) NGM rendelet szerint legal\u00e1bb B pontoss\u00e1gi oszt\u00e1lyba sorolt, a v\u00e1lt\u00f3\u00e1ram\u00fa hat\u00e1sos villamos energia m\u00e9r\u00e9s\u00e9re szolg\u00e1l\u00f3 fogyaszt\u00e1sm\u00e9r\u0151, vagy fogyaszt\u00e1sm\u00e9r\u0151 rendszer, amely alkalmas a m\u00e9rt \u00e9rt\u00e9kek t\u00e1rol\u00e1s\u00e1ra, vagy adatgy\u0171jt\u0151 rendszerbe t\u00e1rol\u00e1s c\u00e9lj\u00e1b\u00f3l t\u00f6rt\u00e9n\u0151 tov\u00e1bb\u00edt\u00e1s\u00e1ra. Az alm\u00e9r\u00e9s c\u00e9lja lehet az elsz\u00e1mol\u00e1si m\u00e9r\u00e9s megoszt\u00e1sa, vagy a villamosenergia fogyaszt\u00f3 berendez\u00e9sek egyedi m\u00e9r\u00e9se.<\/p>\n\n\n\n<figure class=\"wp-block-image size-large is-resized\"><img loading=\"lazy\" decoding=\"async\" width=\"1024\" height=\"659\" src=\"https:\/\/www.epulet-automatika.hu\/wp-content\/uploads\/2023\/10\/energyhub-1024x659.jpg\" alt=\"\" class=\"wp-image-236\" style=\"width:625px;height:402px\" srcset=\"https:\/\/www.epulet-automatika.hu\/wp-content\/uploads\/2023\/10\/energyhub-1024x659.jpg 1024w, https:\/\/www.epulet-automatika.hu\/wp-content\/uploads\/2023\/10\/energyhub-300x193.jpg 300w, https:\/\/www.epulet-automatika.hu\/wp-content\/uploads\/2023\/10\/energyhub-768x495.jpg 768w, https:\/\/www.epulet-automatika.hu\/wp-content\/uploads\/2023\/10\/energyhub.jpg 1264w\" sizes=\"auto, (max-width: 1024px) 100vw, 1024px\" \/><\/figure>\n\n\n\n<p><strong>Teljes\u00edtm\u00e9ny el\u0151\u00edr\u00e1sok<\/strong><\/p>\n\n\n\n<p>Az al\u00e1bbiakban felsorolt villamos teljes\u00edtm\u00e9ny \u00e9rt\u00e9kek felett kell telep\u00edteni alm\u00e9r\u0151t:<\/p>\n\n\n\n<ul class=\"wp-block-list\">\n<li>50 kW feletti n\u00e9vleges teljes\u00edtm\u00e9nyt meghalad\u00f3 \u00f6n\u00e1ll\u00f3 villamos berendez\u00e9sek (pl. kompresszorok, motorok, szivatty\u00fak, technol\u00f3giai berendez\u00e9sek)<\/li>\n\n\n\n<li>70 kW feletti h\u0151termel\u0151 \u00e9s kl\u00edma berendez\u00e9sek<\/li>\n\n\n\n<li>100 kW teljes\u00edtm\u00e9nyt meghalad\u00f3 g\u00e9pcsoportok (a fenti pontok szerint k\u00fcl\u00f6n m\u00e9rt berendez\u00e9seket lesz\u00e1m\u00edtva)<\/li>\n<\/ul>\n\n\n\n<p><strong>Kiv\u00e9telek<\/strong><\/p>\n\n\n\n<ul class=\"wp-block-list\">\n<li>A k\u00f6telezetts\u00e9g al\u00f3l kiv\u00e9telt k\u00e9peznek azok a berendez\u00e9sek, amelyek \u00fczemideje a t\u00e1rgy\u00e9vet megel\u0151z\u0151 3 \u00e9v \u00e1tlag\u00e1ban nem haladja meg az 1000 \u00fczem\u00f3ra\/\u00e9v-et.<\/li>\n\n\n\n<li>Nem kell alm\u00e9r\u0151t ki\u00e9p\u00edteni, ha a villamosenergia felhaszn\u00e1l\u00e1s a be\u00e9p\u00edtett teljes\u00edtm\u00e9nyek \u00e9s az \u00fczemid\u0151 alapj\u00e1n sz\u00e1m\u00edt\u00e1ssal meghat\u00e1rozhat\u00f3.<\/li>\n\n\n\n<li>A rendelet azonban meghat\u00e1rozza azt is, hogy azokn\u00e1l a berendez\u00e9sekn\u00e9l nem hat\u00e1rozhat\u00f3 meg sz\u00e1m\u00edt\u00e1ssal a villamosenergia-felhaszn\u00e1l\u00e1s, amelyek a be\u00e9p\u00edtett teljes\u00edtm\u00e9nyn\u00e9l alacsonyabb teljes\u00edtm\u00e9nyszinten is \u00fczemszer\u0171en tudnak m\u0171k\u00f6dni (pl: frekvenciav\u00e1lt\u00f3s g\u00e9pek), illetve a m\u0171k\u00f6d\u00e9s\u00fcket k\u00e9pesek le\u00e1ll\u00edtani, \u00fagy, hogy azt az \u00fczem\u00f3ra sz\u00e1ml\u00e1l\u00f3 nem r\u00f6gz\u00edti.<\/li>\n<\/ul>\n\n\n\n<p><\/p>\n\n\n\n<p><\/p>\n","protected":false},"excerpt":{"rendered":"<p>Energiamenedzsment \u00e9s felt\u00e1r\u00e1s C\u00e9g\u00fcnk munkat\u00e1rsai energetikai auditork\u00e9nt t\u00f6bb t\u00edz energiahat\u00e9konys\u00e1gi projektben szerzett tapasztalataival v\u00e1llalj\u00e1k l\u00e9tes\u00edtm\u00e9nyek felm\u00e9r\u00e9s\u00e9t &hellip; <a title=\"Energiahat\u00e9konys\u00e1g\" class=\"hm-read-more\" href=\"https:\/\/www.epulet-automatika.hu\/?page_id=88\"><span class=\"screen-reader-text\">Energiahat\u00e9konys\u00e1g<\/span>Read more<\/a><\/p>\n","protected":false},"author":2,"featured_media":0,"parent":0,"menu_order":0,"comment_status":"closed","ping_status":"closed","template":"","meta":{"footnotes":""},"class_list":["post-88","page","type-page","status-publish","hentry"],"_links":{"self":[{"href":"https:\/\/www.epulet-automatika.hu\/index.php?rest_route=\/wp\/v2\/pages\/88","targetHints":{"allow":["GET"]}}],"collection":[{"href":"https:\/\/www.epulet-automatika.hu\/index.php?rest_route=\/wp\/v2\/pages"}],"about":[{"href":"https:\/\/www.epulet-automatika.hu\/index.php?rest_route=\/wp\/v2\/types\/page"}],"author":[{"embeddable":true,"href":"https:\/\/www.epulet-automatika.hu\/index.php?rest_route=\/wp\/v2\/users\/2"}],"replies":[{"embeddable":true,"href":"https:\/\/www.epulet-automatika.hu\/index.php?rest_route=%2Fwp%2Fv2%2Fcomments&post=88"}],"version-history":[{"count":24,"href":"https:\/\/www.epulet-automatika.hu\/index.php?rest_route=\/wp\/v2\/pages\/88\/revisions"}],"predecessor-version":[{"id":322,"href":"https:\/\/www.epulet-automatika.hu\/index.php?rest_route=\/wp\/v2\/pages\/88\/revisions\/322"}],"wp:attachment":[{"href":"https:\/\/www.epulet-automatika.hu\/index.php?rest_route=%2Fwp%2Fv2%2Fmedia&parent=88"}],"curies":[{"name":"wp","href":"https:\/\/api.w.org\/{rel}","templated":true}]}}